{"id":15,"date":"2023-11-15T13:14:29","date_gmt":"2023-11-15T12:14:29","guid":{"rendered":"http:\/\/tmaxservices.com\/?post_type=product&#038;p=15"},"modified":"2026-03-21T22:49:29","modified_gmt":"2026-03-21T21:49:29","slug":"joint-dembase-de-cylindre","status":"publish","type":"product","link":"https:\/\/tmaxservices.com\/index.php\/produit\/joint-dembase-de-cylindre\/","title":{"rendered":"Joint d&#8217;embase de cylindre"},"content":{"rendered":"\r\n<p>Joint d&#8217;embase de cylindre seul, disponible en diff\u00e9rentes \u00e9paisseurs. Les mod\u00e8les ayant une \u00e9paisseur \u00e0 partir de 1mm sont des cales en aluminium utilis\u00e9es pour le montage de bielle longues ou vilebrequins avec course d\u00e9cal\u00e9e.<\/p>\r\n\r\n\r\n\r\n<p>&nbsp;<\/p>\r\n","protected":false},"excerpt":{"rendered":"<p>Joint d&#8217;embase de cylindre seul, disponible en diff\u00e9rentes \u00e9paisseurs. Les mod\u00e8les ayant une \u00e9paisseur \u00e0 partir de 1mm sont des cales en aluminium utilis\u00e9es pour le montage de bielle longues ou vilebrequins avec course d\u00e9cal\u00e9e.<\/p>\n","protected":false},"featured_media":17,"comment_status":"open","ping_status":"closed","template":"","meta":[],"product_cat":[29,28,27],"product_tag":[],"class_list":["post-15","product","type-product","status-publish","has-post-thumbnail","hentry","product_cat-haut-moteur","product_cat-moteur","product_cat-pieces-techniques","product_shipping_class-a"],"jetpack_sharing_enabled":true,"_links":{"self":[{"href":"https:\/\/tmaxservices.com\/index.php\/wp-json\/wp\/v2\/product\/15","targetHints":{"allow":["GET"]}}],"collection":[{"href":"https:\/\/tmaxservices.com\/index.php\/wp-json\/wp\/v2\/product"}],"about":[{"href":"https:\/\/tmaxservices.com\/index.php\/wp-json\/wp\/v2\/types\/product"}],"replies":[{"embeddable":true,"href":"https:\/\/tmaxservices.com\/index.php\/wp-json\/wp\/v2\/comments?post=15"}],"wp:featuredmedia":[{"embeddable":true,"href":"https:\/\/tmaxservices.com\/index.php\/wp-json\/wp\/v2\/media\/17"}],"wp:attachment":[{"href":"https:\/\/tmaxservices.com\/index.php\/wp-json\/wp\/v2\/media?parent=15"}],"wp:term":[{"taxonomy":"product_cat","embeddable":true,"href":"https:\/\/tmaxservices.com\/index.php\/wp-json\/wp\/v2\/product_cat?post=15"},{"taxonomy":"product_tag","embeddable":true,"href":"https:\/\/tmaxservices.com\/index.php\/wp-json\/wp\/v2\/product_tag?post=15"}],"curies":[{"name":"wp","href":"https:\/\/api.w.org\/{rel}","templated":true}]}}